{"id":1781,"date":"2025-05-03T16:03:01","date_gmt":"2025-05-03T14:03:01","guid":{"rendered":"https:\/\/www.key-service.cz\/case-study\/"},"modified":"2025-05-12T13:59:37","modified_gmt":"2025-05-12T11:59:37","slug":"case-study","status":"publish","type":"page","link":"https:\/\/www.key-service.cz\/en\/case-study\/","title":{"rendered":"Case studies"},"content":{"rendered":"<!DOCTYPE html PUBLIC \"-\/\/W3C\/\/DTD HTML 4.0 Transitional\/\/EN\" \"http:\/\/www.w3.org\/TR\/REC-html40\/loose.dtd\">\n<html><body><div data-elementor-type=\"wp-page\" data-elementor-id=\"1781\" class=\"elementor elementor-1781 elementor-1011\" data-elementor-post-type=\"page\">\n\t\t\t\t\t\t<section class=\"elementor-section elementor-top-section elementor-element elementor-element-7879114d elementor-section-boxed elementor-section-height-default elementor-section-height-default\" data-id=\"7879114d\" data-element_type=\"section\" data-settings='{\"background_background\":\"classic\",\"background_motion_fx_motion_fx_scrolling\":\"yes\",\"background_motion_fx_translateY_effect\":\"yes\",\"background_motion_fx_devices\":[\"desktop\",\"tablet\"],\"background_motion_fx_translateY_speed\":{\"unit\":\"px\",\"size\":4,\"sizes\":[]},\"background_motion_fx_translateY_affectedRange\":{\"unit\":\"%\",\"size\":\"\",\"sizes\":{\"start\":0,\"end\":100}}}'>\n\t\t\t\t\t\t\t<div class=\"elementor-background-overlay\"><\/div>\n\t\t\t\t\t\t\t<div class=\"elementor-container elementor-column-gap-default\">\n\t\t\t\t\t<div class=\"elementor-column elementor-col-100 elementor-top-column elementor-element elementor-element-718d6304\" data-id=\"718d6304\" data-element_type=\"column\">\n\t\t\t<div class=\"elementor-widget-wrap elementor-element-populated\">\n\t\t\t\t\t\t\t<\/div>\n\t\t<\/div>\n\t\t\t\t\t<\/div>\n\t\t<\/section>\n\t\t<div class=\"elementor-element elementor-element-4995f8f7 e-flex e-con-boxed e-con e-parent\" data-id=\"4995f8f7\" data-element_type=\"container\">\n\t\t\t\t\t<div class=\"e-con-inner\">\n\t\t\t\t<div class=\"elementor-element elementor-element-4b55b36e elementor-grid-tablet-3 my-case-st elementor-grid-3 elementor-grid-mobile-1 elementor-posts--thumbnail-top elementor-card-shadow-yes elementor-posts__hover-gradient elementor-widget elementor-widget-posts\" data-id=\"4b55b36e\" data-element_type=\"widget\" data-settings='{\"cards_columns_tablet\":\"3\",\"cards_columns\":\"3\",\"cards_columns_mobile\":\"1\",\"cards_row_gap\":{\"unit\":\"px\",\"size\":35,\"sizes\":[]},\"cards_row_gap_tablet\":{\"unit\":\"px\",\"size\":\"\",\"sizes\":[]},\"cards_row_gap_mobile\":{\"unit\":\"px\",\"size\":\"\",\"sizes\":[]}}' data-widget_type=\"posts.cards\">\n\t\t\t\t<div class=\"elementor-widget-container\">\n\t\t\t\t\t\t\t<div class=\"elementor-posts-container elementor-posts elementor-posts--skin-cards elementor-grid\" role=\"list\">\n\t\t\t\t<article class=\"elementor-post elementor-grid-item post-5458 case-study type-case-study status-publish has-post-thumbnail hentry category-otevirani-trezoru category-vymena-zamku category-zamecnicka-pohotovost\" role=\"listitem\">\n\t\t\t<div class=\"elementor-post__card\">\n\t\t\t\t<a class=\"elementor-post__thumbnail__link\" href=\"https:\/\/www.key-service.cz\/en\/case-study\/otevreni-trezoru-praha-9\/\" tabindex=\"-1\"><div class=\"elementor-post__thumbnail\"><img fetchpriority=\"high\" decoding=\"async\" width=\"768\" height=\"1024\" src=\"https:\/\/www.key-service.cz\/wp-content\/uploads\/2026\/03\/1000084691-768x1024.jpg\" class=\"attachment-medium_large size-medium_large wp-image-5459\" alt=\"otev\u0159en\u00ed trezoru Praha 9\" srcset=\"https:\/\/www.key-service.cz\/wp-content\/uploads\/2026\/03\/1000084691-768x1024.jpg 768w, https:\/\/www.key-service.cz\/wp-content\/uploads\/2026\/03\/1000084691-225x300.jpg 225w, https:\/\/www.key-service.cz\/wp-content\/uploads\/2026\/03\/1000084691-1152x1536.jpg 1152w, https:\/\/www.key-service.cz\/wp-content\/uploads\/2026\/03\/1000084691-1536x2048.jpg 1536w, https:\/\/www.key-service.cz\/wp-content\/uploads\/2026\/03\/1000084691-rotated.jpg 1200w\" sizes=\"(max-width: 768px) 100vw, 768px\"><\/div><\/a>\n\t\t\t\t<div class=\"elementor-post__text\">\n\t\t\t\t<p class=\"elementor-post__title\">\n\t\t\t<a href=\"https:\/\/www.key-service.cz\/en\/case-study\/otevreni-trezoru-praha-9\/\">\n\t\t\t\tOtev\u0159en\u00ed trezoru Praha 9\t\t\t<\/a>\n\t\t<\/p>\n\t\t\t\t<div class=\"elementor-post__excerpt\">\n\t\t\t<p>Praha \u2013 Let\u0148any (Praha 9) \u2013 rychl\u00e1 a profesion\u00e1ln\u00ed pomoc p\u0159i zablokovan\u00e9m trezoru. Pan\u00ed n\u00e1s<\/p>\n\t\t<\/div>\n\t\t\n\t\t<a class=\"elementor-post__read-more\" href=\"https:\/\/www.key-service.cz\/en\/case-study\/otevreni-trezoru-praha-9\/\" aria-label=\"Read more about Otev\u0159en\u00ed trezoru Praha 9\" tabindex=\"-1\">\n\t\t\tMore \u00bb\t\t<\/a>\n\n\t\t\t\t<\/div>\n\t\t\t\t\t<\/div>\n\t\t<\/article>\n\t\t\t\t<article class=\"elementor-post elementor-grid-item post-5417 case-study type-case-study status-publish has-post-thumbnail hentry category-opravy-po-vloupani category-vymena-vlozky-zamku category-vymena-zamku category-zamecnicka-pohotovost\" role=\"listitem\">\n\t\t\t<div class=\"elementor-post__card\">\n\t\t\t\t<a class=\"elementor-post__thumbnail__link\" href=\"https:\/\/www.key-service.cz\/en\/case-study\/montaz-chytreho-zamku-praha-4\/\" tabindex=\"-1\"><div class=\"elementor-post__thumbnail\"><img decoding=\"async\" width=\"768\" height=\"1024\" src=\"https:\/\/www.key-service.cz\/wp-content\/uploads\/2026\/02\/chytry-zamek-2-768x1024.jpg\" class=\"attachment-medium_large size-medium_large wp-image-5420\" alt=\"Mont\u00e1\u017e chytr\u00e9ho z\u00e1mku\" srcset=\"https:\/\/www.key-service.cz\/wp-content\/uploads\/2026\/02\/chytry-zamek-2-768x1024.jpg 768w, https:\/\/www.key-service.cz\/wp-content\/uploads\/2026\/02\/chytry-zamek-2-225x300.jpg 225w, https:\/\/www.key-service.cz\/wp-content\/uploads\/2026\/02\/chytry-zamek-2-1152x1536.jpg 1152w, https:\/\/www.key-service.cz\/wp-content\/uploads\/2026\/02\/chytry-zamek-2-1536x2048.jpg 1536w, https:\/\/www.key-service.cz\/wp-content\/uploads\/2026\/02\/chytry-zamek-2-rotated.jpg 1200w\" sizes=\"(max-width: 768px) 100vw, 768px\"><\/div><\/a>\n\t\t\t\t<div class=\"elementor-post__text\">\n\t\t\t\t<p class=\"elementor-post__title\">\n\t\t\t<a href=\"https:\/\/www.key-service.cz\/en\/case-study\/montaz-chytreho-zamku-praha-4\/\">\n\t\t\t\tMont\u00e1\u017e chytr\u00e9ho z\u00e1mku Praha 4\t\t\t<\/a>\n\t\t<\/p>\n\t\t\t\t<div class=\"elementor-post__excerpt\">\n\t\t\t<p>Realizovali jsme mont\u00e1\u017e chytr\u00e9ho z\u00e1mku v Praze 4 pro klientku, kter\u00e1 u\u017e necht\u011bla pou\u017e\u00edvat klasick\u00e9<\/p>\n\t\t<\/div>\n\t\t\n\t\t<a class=\"elementor-post__read-more\" href=\"https:\/\/www.key-service.cz\/en\/case-study\/montaz-chytreho-zamku-praha-4\/\" aria-label=\"Read more about Mont\u00e1\u017e chytr\u00e9ho z\u00e1mku Praha 4\" tabindex=\"-1\">\n\t\t\tMore \u00bb\t\t<\/a>\n\n\t\t\t\t<\/div>\n\t\t\t\t\t<\/div>\n\t\t<\/article>\n\t\t\t\t<article class=\"elementor-post elementor-grid-item post-5193 case-study type-case-study status-publish has-post-thumbnail hentry category-otevirani-trezoru category-zamecnicka-pohotovost\" role=\"listitem\">\n\t\t\t<div class=\"elementor-post__card\">\n\t\t\t\t<a class=\"elementor-post__thumbnail__link\" href=\"https:\/\/www.key-service.cz\/en\/case-study\/otevirani-trezoru\/\" tabindex=\"-1\"><div class=\"elementor-post__thumbnail\"><img decoding=\"async\" width=\"768\" height=\"1664\" src=\"https:\/\/www.key-service.cz\/wp-content\/uploads\/2026\/01\/Screenshot_20260123_120040_Gallery-768x1664.jpg\" class=\"attachment-medium_large size-medium_large wp-image-5202\" alt=\"otev\u00edr\u00e1n\u00ed trezoru\" srcset=\"https:\/\/www.key-service.cz\/wp-content\/uploads\/2026\/01\/Screenshot_20260123_120040_Gallery-768x1664.jpg 768w, https:\/\/www.key-service.cz\/wp-content\/uploads\/2026\/01\/Screenshot_20260123_120040_Gallery-138x300.jpg 138w, https:\/\/www.key-service.cz\/wp-content\/uploads\/2026\/01\/Screenshot_20260123_120040_Gallery-473x1024.jpg 473w, https:\/\/www.key-service.cz\/wp-content\/uploads\/2026\/01\/Screenshot_20260123_120040_Gallery-709x1536.jpg 709w, https:\/\/www.key-service.cz\/wp-content\/uploads\/2026\/01\/Screenshot_20260123_120040_Gallery-945x2048.jpg 945w, https:\/\/www.key-service.cz\/wp-content\/uploads\/2026\/01\/Screenshot_20260123_120040_Gallery.jpg 738w\" sizes=\"(max-width: 768px) 100vw, 768px\"><\/div><\/a>\n\t\t\t\t<div class=\"elementor-post__text\">\n\t\t\t\t<p class=\"elementor-post__title\">\n\t\t\t<a href=\"https:\/\/www.key-service.cz\/en\/case-study\/otevirani-trezoru\/\">\n\t\t\t\tNouzov\u00e9 otev\u0159en\u00ed trezoru\t\t\t<\/a>\n\t\t<\/p>\n\t\t\t\t<div class=\"elementor-post__excerpt\">\n\t\t\t<p>\u26a0\ufe0f Situace Majitel men\u0161\u00ed firmy v centru Prahy se na n\u00e1s obr\u00e1til s urgentn\u00edm probl\u00e9mem.<\/p>\n\t\t<\/div>\n\t\t\n\t\t<a class=\"elementor-post__read-more\" href=\"https:\/\/www.key-service.cz\/en\/case-study\/otevirani-trezoru\/\" aria-label=\"Read more about Nouzov\u00e9 otev\u0159en\u00ed trezoru\" tabindex=\"-1\">\n\t\t\tMore \u00bb\t\t<\/a>\n\n\t\t\t\t<\/div>\n\t\t\t\t\t<\/div>\n\t\t<\/article>\n\t\t\t\t<\/div>\n\t\t\n\t\t\t\t\t\t<\/div>\n\t\t\t\t<\/div>\n\t\t\t\t\t<\/div>\n\t\t\t\t<\/div>\n\t\t\t\t<\/div>\n\t\t <\/body><\/html>","protected":false},"excerpt":{"rendered":"","protected":false},"author":3,"featured_media":0,"parent":0,"menu_order":0,"comment_status":"closed","ping_status":"closed","template":"","meta":{"footnotes":""},"class_list":["post-1781","page","type-page","status-publish","hentry"],"acf":[],"_links":{"self":[{"href":"https:\/\/www.key-service.cz\/en\/wp-json\/wp\/v2\/pages\/1781","targetHints":{"allow":["GET"]}}],"collection":[{"href":"https:\/\/www.key-service.cz\/en\/wp-json\/wp\/v2\/pages"}],"about":[{"href":"https:\/\/www.key-service.cz\/en\/wp-json\/wp\/v2\/types\/page"}],"author":[{"embeddable":true,"href":"https:\/\/www.key-service.cz\/en\/wp-json\/wp\/v2\/users\/3"}],"replies":[{"embeddable":true,"href":"https:\/\/www.key-service.cz\/en\/wp-json\/wp\/v2\/comments?post=1781"}],"version-history":[{"count":0,"href":"https:\/\/www.key-service.cz\/en\/wp-json\/wp\/v2\/pages\/1781\/revisions"}],"wp:attachment":[{"href":"https:\/\/www.key-service.cz\/en\/wp-json\/wp\/v2\/media?parent=1781"}],"curies":[{"name":"wp","href":"https:\/\/api.w.org\/{rel}","templated":true}]}}